{"id":8,"date":"2015-01-23T16:06:36","date_gmt":"2015-01-23T16:06:36","guid":{"rendered":"http:\/\/pombabranca.pt\/oeiras\/?page_id=8"},"modified":"2017-10-12T16:29:06","modified_gmt":"2017-10-12T16:29:06","slug":"contactos","status":"publish","type":"page","link":"https:\/\/pombabranca.pt\/oeiras\/contactos\/","title":{"rendered":"Contactos"},"content":{"rendered":"<div class=\"col-md-6\"><\/div>\n<div class=\"col-md-5 col-md-offset-1\">\n<h3>Pomba Branca Oeiras<\/h3>\n<p>R. Candido dos Reis, 117-A<br \/>\n2780-214 OEIRAS<br \/>\n(junto \u00e0 C\u00e2mara Municipal de Oeiras)<\/p>\n<p><a href=\"tel:+351214411515\"><strong>Tel.: +351 214 411 515<\/strong><\/a><br \/>\nE-mail: oeiras@pombabranca.pt<\/p>\n<h3>Hor\u00e1rio<\/h3>\n<p>2\u00aa feira a S\u00e1bado: 10h-13h \u00a0e \u00a015h-19h<\/p>\n<\/div>\n","protected":false},"excerpt":{"rendered":"<p>Pomba Branca Oeiras R. Candido dos Reis, 117-A 2780-214 OEIRAS (junto \u00e0 C\u00e2mara Municipal de Oeiras) Tel.: +351 214 411 515 E-mail: oeiras@pombabranca.pt Hor\u00e1rio 2\u00aa feira a S\u00e1bado: 10h-13h \u00a0e \u00a015h-19h<\/p>\n","protected":false},"author":1,"featured_media":0,"parent":0,"menu_order":0,"comment_status":"open","ping_status":"open","template":"","meta":{"_acf_changed":false,"footnotes":""},"class_list":["post-8","page","type-page","status-publish","hentry"],"acf":[],"_links":{"self":[{"href":"https:\/\/pombabranca.pt\/oeiras\/wp-json\/wp\/v2\/pages\/8","targetHints":{"allow":["GET"]}}],"collection":[{"href":"https:\/\/pombabranca.pt\/oeiras\/wp-json\/wp\/v2\/pages"}],"about":[{"href":"https:\/\/pombabranca.pt\/oeiras\/wp-json\/wp\/v2\/types\/page"}],"author":[{"embeddable":true,"href":"https:\/\/pombabranca.pt\/oeiras\/wp-json\/wp\/v2\/users\/1"}],"replies":[{"embeddable":true,"href":"https:\/\/pombabranca.pt\/oeiras\/wp-json\/wp\/v2\/comments?post=8"}],"version-history":[{"count":9,"href":"https:\/\/pombabranca.pt\/oeiras\/wp-json\/wp\/v2\/pages\/8\/revisions"}],"predecessor-version":[{"id":1495,"href":"https:\/\/pombabranca.pt\/oeiras\/wp-json\/wp\/v2\/pages\/8\/revisions\/1495"}],"wp:attachment":[{"href":"https:\/\/pombabranca.pt\/oeiras\/wp-json\/wp\/v2\/media?parent=8"}],"curies":[{"name":"wp","href":"https:\/\/api.w.org\/{rel}","templated":true}]}}