{"id":2486,"date":"2023-01-26T15:09:23","date_gmt":"2023-01-26T15:09:23","guid":{"rendered":"https:\/\/pombabranca.pt\/oeiras\/?page_id=2486"},"modified":"2023-01-26T15:14:04","modified_gmt":"2023-01-26T15:14:04","slug":"politica-de-privacidade","status":"publish","type":"page","link":"https:\/\/pombabranca.pt\/oeiras\/politica-de-privacidade\/","title":{"rendered":"Politica de Privacidade"},"content":{"rendered":"\n<p>A Pomba Branca compromete-se a proteger e respeitar a sua privacidade. Desta forma os dados dos nossos clientes e visitantes s\u00e3o confidenciais e usados apenas para uso interno, evitando desta forma qualquer tentativa de fraude ou qualquer outra situa\u00e7\u00e3o. Os dados apenas ser\u00e3o utilizados publicamente no caso de ser necess\u00e1rio defender o bom nome da Pomba Branca.<\/p>\n\n\n\n<p>\u00c9 da responsabilidade do cliente proteger as password e username que utiliza, de forma a impedir acessos n\u00e3o autorizados as suas contas. A Pomba Branca, n\u00e3o \u00e9 respons\u00e1vel pelo acesso \u00e0s contas utilizando o login do cliente.<\/p>\n\n\n\n<p>Por norma geral, estar\u00e3o associados ao WHOIS do dom\u00ednio os dados do cliente. No entanto pode activar o servi\u00e7o de privacidade para ocultar os seus dados no registo do dom\u00ednio.<\/p>\n\n\n\n<h5 class=\"wp-block-heading\">REGULAMENTO GERAL DE PROTEC\u00c7\u00c3O DE DADOS<\/h5>\n\n\n\n<h5 class=\"wp-block-heading\">O que \u00e9 o RGPD?<\/h5>\n\n\n\n<p>O Regulamento (EU) 2016\/679 estabelece claramente os procedimentos organizativos de recolha, tratamento e prote\u00e7\u00e3o de dados de pessoas singulares.<\/p>\n\n\n\n<p>O que muda?<\/p>\n\n\n\n<p>A partir de 25 de maio de 2018 todas as comunica\u00e7\u00f5es de marketing v\u00e3o exigir um consentimento do titular dos dados, livre, informado e expl\u00edcito para utiliza\u00e7\u00e3o dos seus dados pessoais.<\/p>\n\n\n\n<h5 class=\"wp-block-heading\">Direitos?<\/h5>\n\n\n\n<p>A nova legisla\u00e7\u00e3o pretende proteger os titulares dos dados pessoais garantindo-lhes um controlo efetivo sobre a forma como os mesmos s\u00e3o recolhidos e tratados.<\/p>\n\n\n\n<h5 class=\"wp-block-heading\">Atualiza\u00e7\u00e3o dos seus dados<\/h5>\n\n\n\n<p>A atualiza\u00e7\u00e3o dos seus dados \u00e9 fundamental para que possamos continuar a inform\u00e1-lo sobre as nossas novidades e ofertas comerciais.<\/p>\n\n\n\n<p>Se, a qualquer momento, desejar interromper a recep\u00e7\u00e3o de newsletters ou outras comunica\u00e7\u00f5es connosco, ou se tiver enviado informa\u00e7\u00e3o pessoal identific\u00e1vel atrav\u00e9s do nosso Site e gostaria que essa informa\u00e7\u00e3o fosse apagada dos registos, \u00e9 favor notificar-nos para  oeiras@pombabranca.pt <\/p>\n\n\n\n<p>A correc\u00e7\u00e3o ou mudan\u00e7a dos seus dados tamb\u00e9m \u00e9 poss\u00edvel.<\/p>\n\n\n\n<h5 class=\"wp-block-heading\">Se n\u00e3o der consentimento<\/h5>\n\n\n\n<p>Se n\u00e3o nos der consentimento para utilizarmos os seus dados pessoais ficaremos impedidos de lhe enviar a nossa newsletter e deixar\u00e1 de usufruir de todas as vantagens comerciais que temos para si.<\/p>\n\n\n\n<p>Na  Pomba Branca levamos a sua privacidade muito a s\u00e9rio e percebemos que a utiliza\u00e7\u00e3o dos seus dados pessoais requer a sua confian\u00e7a. A confidencialidade e a integridade dos seus dados pessoais \u00e9 uma das nossas principais preocupa\u00e7\u00f5es.<\/p>\n\n\n\n<p>Ao inscrever-se na nossa newsletter est\u00e1 a concordar com a nossa pol\u00edtica de privacidade pelo que sugerimos a sua leitura atenta. Este aviso de privacidade d\u00e1-lhe a conhecer os dados pessoais que recolhemos e tratamos, porque o fazemos, com que finalidades e de que forma poder\u00e1 exercer os seus direitos.<\/p>\n\n\n\n<h5 class=\"wp-block-heading\">Quem somos?<\/h5>\n\n\n\n<p>Somos a Pomba Branca. A nossa morada \u00e9 <em>R. Candido dos Reis, 117-A<\/em> <em>2780-214 OEIRAS<\/em> <em>(junto \u00e0 C\u00e2mara Municipal de Oeiras)<\/em><\/p>\n\n\n\n<p>Pode contactar-nos por correio na morada indicada, pelo email oeiras@pombabranca.pt ou pelo telefone <a href=\"tel:+351214411515\"><strong>+351 214 411 515<\/strong><\/a>.<\/p>\n\n\n\n<p>Como n\u00e3o estamos obrigados a ter um Encarregado de Prote\u00e7\u00e3o de Dados, todas as quest\u00f5es relativas \u00e0 utiliza\u00e7\u00e3o dos seus dados pessoais dever\u00e3o ser colocadas atrav\u00e9s de qualquer uma das alternativas atr\u00e1s apresentadas.<\/p>\n\n\n\n<h5 class=\"wp-block-heading\">Que dados pessoais recolhemos?<\/h5>\n\n\n\n<p>Ao subscrever a nossa newsletter ou ao preencher um dos formul\u00e1rios de contactos, est\u00e1 a fornecer os seguintes dados pessoais:<strong>Nome;<\/strong><strong>Email;<\/strong><strong>Telem\u00f3vel;<\/strong><\/p>\n\n\n\n<h5 class=\"wp-block-heading\">Porque \u00e9 que recolhemos estes dados?<\/h5>\n\n\n\n<p>Os seus dados pessoais ser\u00e3o utilizados exclusivamente para envio da nossa newsletter. A mesma cont\u00e9m informa\u00e7\u00f5es sobre nossos servi\u00e7os e poder\u00e1 incluir ofertas especiais.<\/p>\n\n\n\n<p>Solicitamos seu consentimento para o fazer e s\u00f3 continuaremos a faz\u00ea-lo enquanto nos consentir.<\/p>\n\n\n\n<h5 class=\"wp-block-heading\">O que fazemos com a sua informa\u00e7\u00e3o?<\/h5>\n\n\n\n<p>Todos os formul\u00e1rios de contacto, pedidos de alojamento e pedidos de or\u00e7amentos s\u00e3o recolhidos pelo browser e o IP utilizados para a conex\u00e3o. Estes dados n\u00e3o ser\u00e3o divulgados a terceiras partes.<\/p>\n\n\n\n<p>As suas informa\u00e7\u00f5es s\u00e3o guardadas nas nossas bases de dados e n\u00e3o s\u00e3o partilhadas com terceiros. Tamb\u00e9m n\u00e3o usaremos os seus dados pessoais para tomar decis\u00f5es automatizadas que possam afet\u00e1-lo.<\/p>\n\n\n\n<p>Os seus dados pessoais s\u00e3o protegidos por medidas t\u00e9cnicas e organizativas que garantem os seus direitos, nomeadamente a seguir identificados.<\/p>\n\n\n\n<h5 class=\"wp-block-heading\">Por quanto tempo guardamos os seus dados?<\/h5>\n\n\n\n<p>Os dados pessoais recolhidos ser\u00e3o conservados pelo per\u00edodo m\u00ednimo necess\u00e1rio para as finalidades da sua recolha, findo o qual ser\u00e3o eliminados.<\/p>\n\n\n\n<h5 class=\"wp-block-heading\">Os seus direitos<\/h5>\n\n\n\n<p>Por lei, pode perguntar-nos quais s\u00e3o os seus dados pessoais que tratamos, e pode pedir-nos para corrigi-los se os mesmos n\u00e3o forem precisos.<\/p>\n\n\n\n<p>Tamb\u00e9m poder\u00e1 solicitar o apagamento ou uma c\u00f3pia dos seus dados pessoais.<\/p>\n\n\n\n<p>Al\u00e9m dos direitos anteriores, tamb\u00e9m pode pedir-nos para parar de usar os seus dados pessoais. A maneira mais simples para o fazer \u00e9 retirar o seu consentimento. Poder\u00e1 faz\u00ea-lo a qualquer momento, clicando no link de cancelamento no final de qualquer newsletter, enviando-nos o pedido por e-mail, escrevendo-nos ou telefonando-nos usando os detalhes de contacto acima apresentados.<\/p>\n\n\n\n<h5 class=\"wp-block-heading\"><\/h5>\n\n\n\n<h5 class=\"wp-block-heading\">O seu direito de reclama\u00e7\u00e3o<\/h5>\n\n\n\n<p>Se tiver alguma queixa relativa \u00e0 nossa utiliza\u00e7\u00e3o dos seus dados pessoais, poder\u00e1 faz\u00ea-lo diretamente junto da autoridade de supervis\u00e3o portuguesa, no caso a Comiss\u00e3o Nacional de Prote\u00e7\u00e3o de Dados, atrav\u00e9s do site&nbsp;<a href=\"https:\/\/www.cnpd.pt\/bin\/duvidas\/queixas_frm.aspx\">www.cnpd.pt<\/a>&nbsp;ou por escrito para a morada da mesma sita em:<\/p>\n\n\n\n<p>Rua de S\u00e3o Bento, 148, R\/C<\/p>\n\n\n\n<p>1200-821 Lisboa<\/p>\n\n\n\n<h5 class=\"wp-block-heading\">Cookies<\/h5>\n\n\n\n<p>Para a utiliza\u00e7\u00e3o da nossa p\u00e1gina web, \u00e9 necess\u00e1ria a utiliza\u00e7\u00e3o de cookies. As cookies s\u00e3o utilizadas para fins estat\u00edsticos do uso do website, e em qualquer dos casos s\u00e3o para facilitar visitas posteriores. Se assim o deseja pode configurar o seu navegador para ser avisado no ecr\u00e3 sobre a recep\u00e7\u00e3o de cookies e para impedir a instala\u00e7\u00e3o de cookies no seu disco duro.<\/p>\n\n\n\n<p>Por favor, consulte as instru\u00e7\u00f5es e manuais do seu navegador para ampliar esta informa\u00e7\u00e3o.<\/p>\n\n\n\n<h5 class=\"wp-block-heading\">Liga\u00e7\u00f5es a Sites externos<\/h5>\n\n\n\n<p>Devido ao nosso portef\u00f3lio a outras quest\u00f5es de interesse na nossa \u00e1rea, o nosso Site cont\u00e9m liga\u00e7\u00f5es para alguns Sites de terceiros. A Pol\u00edtica de Privacidade aqui apresentada n\u00e3o se aplica a estes Sites, por isso, aconselhamos vivamente a consulta da Pol\u00edtica de Privacidade dos mesmos.<\/p>\n\n\n\n<h5 class=\"wp-block-heading\">Outras quest\u00f5es<\/h5>\n\n\n\n<p>O material disposto neste Site, em texto e imagem, \u00e9 propriedade da A POMBABRANCA, a sua utiliza\u00e7\u00e3o s\u00f3 pode ser feita com as devidas autoriza\u00e7\u00f5es. A utiliza\u00e7\u00e3o n\u00e3o autorizada constitui um crime pun\u00edvel por lei.<\/p>\n\n\n\n<p>Se tiver d\u00favidas ou alguma quest\u00e3o sobre a forma como gerimos a informa\u00e7\u00e3o, por favor envie-nos um e-mail para <em>oeiras@pombabranca.pt<\/em><\/p>\n\n\n\n<p>Para qualquer outro assunto ou esclarecimento, por favor contacte com a nossa empresa.<\/p>\n","protected":false},"excerpt":{"rendered":"<p>A Pomba Branca compromete-se a proteger e respeitar a sua privacidade. Desta forma os dados dos nossos clientes e visitantes s\u00e3o confidenciais e usados apenas para uso interno, evitando desta forma qualquer tentativa de fraude ou qualquer outra situa\u00e7\u00e3o. Os dados apenas ser\u00e3o utilizados publicamente no caso de ser necess\u00e1rio defender o bom nome da [&hellip;]<\/p>\n","protected":false},"author":5,"featured_media":0,"parent":0,"menu_order":0,"comment_status":"closed","ping_status":"closed","template":"","meta":{"_acf_changed":false,"footnotes":""},"class_list":["post-2486","page","type-page","status-publish","hentry"],"acf":[],"_links":{"self":[{"href":"https:\/\/pombabranca.pt\/oeiras\/wp-json\/wp\/v2\/pages\/2486","targetHints":{"allow":["GET"]}}],"collection":[{"href":"https:\/\/pombabranca.pt\/oeiras\/wp-json\/wp\/v2\/pages"}],"about":[{"href":"https:\/\/pombabranca.pt\/oeiras\/wp-json\/wp\/v2\/types\/page"}],"author":[{"embeddable":true,"href":"https:\/\/pombabranca.pt\/oeiras\/wp-json\/wp\/v2\/users\/5"}],"replies":[{"embeddable":true,"href":"https:\/\/pombabranca.pt\/oeiras\/wp-json\/wp\/v2\/comments?post=2486"}],"version-history":[{"count":3,"href":"https:\/\/pombabranca.pt\/oeiras\/wp-json\/wp\/v2\/pages\/2486\/revisions"}],"predecessor-version":[{"id":2493,"href":"https:\/\/pombabranca.pt\/oeiras\/wp-json\/wp\/v2\/pages\/2486\/revisions\/2493"}],"wp:attachment":[{"href":"https:\/\/pombabranca.pt\/oeiras\/wp-json\/wp\/v2\/media?parent=2486"}],"curies":[{"name":"wp","href":"https:\/\/api.w.org\/{rel}","templated":true}]}}