{"id":2484,"date":"2023-01-26T15:08:56","date_gmt":"2023-01-26T15:08:56","guid":{"rendered":"https:\/\/pombabranca.pt\/oeiras\/?page_id=2484"},"modified":"2023-01-26T15:10:27","modified_gmt":"2023-01-26T15:10:27","slug":"politica-de-cookies","status":"publish","type":"page","link":"https:\/\/pombabranca.pt\/oeiras\/politica-de-cookies\/","title":{"rendered":"Politica de Cookies"},"content":{"rendered":"\n<p>Utilizamos cookies no nosso website para melhorar o desempenho e a sua experi\u00eancia como utilizador. Este texto explica como o fazemos.<\/p>\n\n\n\n<h5 class=\"wp-block-heading\">O que s\u00e3o cookies?<\/h5>\n\n\n\n<p>\u201cCookies\u201d s\u00e3o pequenos ficheiros de texto que s\u00e3o armazenados no seu computador ou no seu dispositivo m\u00f3vel atrav\u00e9s do navegador de internet (browser), retendo apenas informa\u00e7\u00e3o relacionada com as suas prefer\u00eancias, n\u00e3o incluindo, como tal, os seus dados pessoais. A coloca\u00e7\u00e3o de cookies ajudar\u00e1 o website a reconhecer o seu dispositivo na pr\u00f3xima vez que o utilizador o visita.<\/p>\n\n\n\n<p>Usamos o termo cookies nesta pol\u00edtica para referir todos os ficheiros que recolhem informa\u00e7\u00f5es desta forma.<\/p>\n\n\n\n<p>Os cookies utilizados n\u00e3o recolhem informa\u00e7\u00e3o que identifica o utilizador. Os cookies recolhem informa\u00e7\u00f5es gen\u00e9ricas, designadamente a forma como os utilizadores chegam e utilizam os websites ou a zona do pa\u00eds\/pa\u00edses atrav\u00e9s do qual acedem ao website, etc.<\/p>\n\n\n\n<p>Os cookies ret\u00eam apenas informa\u00e7\u00e3o relacionada com as suas prefer\u00eancias. A qualquer momento o utilizador pode, atrav\u00e9s do seu navegador de internet (browser) decidir ser notificado sobre a recep\u00e7\u00e3o de cookies, bem como bloquear a respectiva entrada no seu sistema.<\/p>\n\n\n\n<p>A recusa de uso de cookies no website, pode resultar na impossibilidade de ter acesso a algumas das suas \u00e1reas ou de receber informa\u00e7\u00e3o personalizada.<\/p>\n\n\n\n<h5 class=\"wp-block-heading\">Para que servem os Cookies?<\/h5>\n\n\n\n<p>Os cookies servem para ajudar a determinar a utilidade, interesse e o n\u00famero de utiliza\u00e7\u00f5es dos seus websites, permitindo uma navega\u00e7\u00e3o mais r\u00e1pida e eficiente, eliminando a necessidade de introduzir repetidamente as mesmas informa\u00e7\u00f5es.<\/p>\n\n\n\n<h5 class=\"wp-block-heading\">Como pode gerir os cookies?<\/h5>\n\n\n\n<p>Os cookies ajudam a tirar o m\u00e1ximo proveito dos websites no entanto, todos os navegadores de internet (browsers) permitem ao utilizador aceitar, recusar ou apagar cookies, nomeadamente atrav\u00e9s da selec\u00e7\u00e3o das defini\u00e7\u00f5es apropriadas no respectivo navegador de internet (browser).<\/p>\n\n\n\n<p>Depois de autorizar o uso de cookies, o utilizador pode sempre desactivar parte ou a totalidade dos nossos cookies. Para o efeito, o utilizador deve seguir as seguintes instru\u00e7\u00f5es:<\/p>\n\n\n\n<h5 class=\"wp-block-heading\">Configura\u00e7\u00f5es de Cookies no Internet Explorer \u2013 Desactivar cookies<\/h5>\n\n\n\n<p><strong>Clique no menu \u201cFerramentas\u201d e escolha a op\u00e7\u00e3o \u201cOp\u00e7\u00f5es de Internet\u201d;<\/strong><\/p>\n\n\n\n<p><strong>Seleccione o separador \u201cPrivacidade\u201d;<\/strong><\/p>\n\n\n\n<p><strong>Mova a barra para o topo, onde surgir\u00e1 \u201cBloquear todos os cookies\u201d.<\/strong><\/p>\n\n\n\n<p><em>Nota: Existem v\u00e1rios n\u00edveis de activa\u00e7\u00e3o e desactiva\u00e7\u00e3o de cookies no Internet Explorer. Para mais informa\u00e7\u00f5es sobre defini\u00e7\u00f5es de cookies Internet Explorer, consulte a seguinte p\u00e1gina da Microsoft:&nbsp;<\/em><a href=\"http:\/\/windows.microsoft.com\/pt-PT\/windows-vista\/Block-or-allow-cookies\" target=\"_blank\" rel=\"noreferrer noopener\"><strong>Configura\u00e7\u00f5es de Cookies no Internet Explorer<\/strong><\/a><\/p>\n\n\n\n<h5 class=\"wp-block-heading\">Configura\u00e7\u00f5es de Cookies no Mozilla Firefox \u2013 Desactivar cookies<\/h5>\n\n\n\n<p><strong>Clique no menu \u201cFerramentas\u201d;<\/strong><\/p>\n\n\n\n<p><strong>Seleccione \u201cOp\u00e7\u00f5es\u201d;<\/strong><\/p>\n\n\n\n<p><strong>Clique no \u00edcone \u201cPrivacidade\u201d, que encontra no painel superior;<\/strong><\/p>\n\n\n\n<p><strong>Na sec\u00e7\u00e3o \u201cCookies\u201d desactive a op\u00e7\u00e3o \u201cAceitar cookies dos websites\u201d;<\/strong><\/p>\n\n\n\n<p><strong>Clique em \u201cOK\u201d para guardar as altera\u00e7\u00f5es e fechar.<\/strong><\/p>\n\n\n\n<p><em>Nota: Existem v\u00e1rios n\u00edveis de activa\u00e7\u00e3o e desactiva\u00e7\u00e3o de cookies no Mozilla Firefox. Para mais informa\u00e7\u00f5es sobre defini\u00e7\u00f5es de cookies no Mozilla Firefox, consulte a seguinte p\u00e1gina :&nbsp;<\/em><a href=\"http:\/\/support.mozilla.org\/pt-PT\/kb\/Activar%20e%20Desactivar%20cookies?redirectlocale=en-US&amp;redirectslug=Enabling+and+disabling+cookiesMozilla%20Firefox\" target=\"_blank\" rel=\"noreferrer noopener\"><strong>Configura\u00e7\u00f5es de Cookies no Mozilla Firefox<\/strong><\/a><\/p>\n\n\n\n<h5 class=\"wp-block-heading\">Configura\u00e7\u00f5es de Cookies no Chrome \u2013 Desactivar cookies<\/h5>\n\n\n\n<p><strong>Clique no menu do Chrome na barra de ferramentas do navegador.<\/strong><\/p>\n\n\n\n<p><strong>Seleccione Defini\u00e7\u00f5es.<\/strong><\/p>\n\n\n\n<p><strong>Clique em Mostrar defini\u00e7\u00f5es avan\u00e7adas.<\/strong><\/p>\n\n\n\n<p><strong>Na sec\u00e7\u00e3o \u201cPrivacidade\u201d, clique no bot\u00e3o Defini\u00e7\u00f5es de conte\u00fado.<\/strong><\/p>\n\n\n\n<p><strong>Seleccione a op\u00e7\u00e3o \u201cBloquear defini\u00e7\u00e3o dos dados por parte dos websites\u201d.<\/strong><\/p>\n\n\n\n<p>Pode alterar as seguintes defini\u00e7\u00f5es de cookies na sec\u00e7\u00e3o \u201cCookies\u201d:<\/p>\n\n\n\n<p><strong>Eliminar cookies<\/strong><\/p>\n\n\n\n<p><strong>Bloquear cookies por predefini\u00e7\u00e3o<\/strong><\/p>\n\n\n\n<p><strong>Permitir cookies por predefini\u00e7\u00e3o<\/strong><\/p>\n\n\n\n<p><strong>Manter cookies e dados do Website por predefini\u00e7\u00e3o at\u00e9 sair do navegador de internet (browser)<\/strong><\/p>\n\n\n\n<p><strong>Criar excep\u00e7\u00f5es para cookies de Websites ou dom\u00ednios espec\u00edficos.<\/strong><\/p>\n\n\n\n<p><em>Nota: Existem v\u00e1rios n\u00edveis de activa\u00e7\u00e3o e desactiva\u00e7\u00e3o de cookies no Google Chrome. Para mais informa\u00e7\u00f5es sobre defini\u00e7\u00f5es de cookies no Google Chrome, consulte a seguinte p\u00e1gina :&nbsp;<\/em><a href=\"http:\/\/support.google.com\/chrome\/bin\/answer.py?hl=pt&amp;answer=95647&amp;topic=14666&amp;ctx=topic\" target=\"_blank\" rel=\"noreferrer noopener\"><strong>Configura\u00e7\u00f5es de Cookies no Chrome<\/strong><\/a><\/p>\n\n\n\n<h5 class=\"wp-block-heading\">Configura\u00e7\u00f5es de Cookies em Safari Web e IOS \u2013 Desactivar cookies<\/h5>\n\n\n\n<p><strong>Clique em \u201cEditar\u201d;<\/strong><\/p>\n\n\n\n<p><strong>Seleccione \u201cPrefer\u00eancias\u201d;<\/strong><\/p>\n\n\n\n<p><strong>No painel superior, seleccione o \u00edcone \u201cPrivacidade\u201d;<\/strong><\/p>\n\n\n\n<p><strong>Na sec\u00e7\u00e3o \u201cAceitar cookies\u201d, seleccione \u201cNunca\u201d.<\/strong><\/p>\n\n\n\n<p><em>Nota: Existem v\u00e1rios n\u00edveis de activa\u00e7\u00e3o e desactiva\u00e7\u00e3o de cookies no Safari. Para mais informa\u00e7\u00f5es sobre defini\u00e7\u00f5es de cookies no Safari, consulte a seguinte p\u00e1gina :<\/em><\/p>\n\n\n\n<p><a href=\"http:\/\/support.apple.com\/kb\/HT1677?viewlocale=pt_PT\" target=\"_blank\" rel=\"noreferrer noopener\"><strong>Configura\u00e7\u00f5es de Cookies em Safari Web e IOS<\/strong><\/a><\/p>\n\n\n\n<h5 class=\"wp-block-heading\">Outros navegadores de internet (browser)<\/h5>\n\n\n\n<p>Por favor, procure no menu \u201cajuda\u201d do navegador de internet (browser) ou contacte o fornecedor do navegador de internet (browser).<\/p>\n\n\n\n<p><em>NOTA: Recordamos que ao desactivar os cookies, partes do nosso website podem n\u00e3o funcionar correctamente.<\/em><\/p>\n\n\n\n<p><em>Links<\/em><\/p>\n\n\n\n<p>Para obter mais informa\u00e7\u00f5es sobre cookies e a respectiva utiliza\u00e7\u00e3o, sugerimos que consulte os seguintes links, que apenas se encontram em vers\u00e3o inglesa:<\/p>\n\n\n\n<p><a href=\"http:\/\/www.allaboutcookies.org\/\"><strong>www.allaboutcookies.org<\/strong><\/a><\/p>\n","protected":false},"excerpt":{"rendered":"<p>Utilizamos cookies no nosso website para melhorar o desempenho e a sua experi\u00eancia como utilizador. Este texto explica como o fazemos. O que s\u00e3o cookies? \u201cCookies\u201d s\u00e3o pequenos ficheiros de texto que s\u00e3o armazenados no seu computador ou no seu dispositivo m\u00f3vel atrav\u00e9s do navegador de internet (browser), retendo apenas informa\u00e7\u00e3o relacionada com as suas [&hellip;]<\/p>\n","protected":false},"author":5,"featured_media":0,"parent":0,"menu_order":0,"comment_status":"closed","ping_status":"closed","template":"","meta":{"_acf_changed":false,"footnotes":""},"class_list":["post-2484","page","type-page","status-publish","hentry"],"acf":[],"_links":{"self":[{"href":"https:\/\/pombabranca.pt\/oeiras\/wp-json\/wp\/v2\/pages\/2484","targetHints":{"allow":["GET"]}}],"collection":[{"href":"https:\/\/pombabranca.pt\/oeiras\/wp-json\/wp\/v2\/pages"}],"about":[{"href":"https:\/\/pombabranca.pt\/oeiras\/wp-json\/wp\/v2\/types\/page"}],"author":[{"embeddable":true,"href":"https:\/\/pombabranca.pt\/oeiras\/wp-json\/wp\/v2\/users\/5"}],"replies":[{"embeddable":true,"href":"https:\/\/pombabranca.pt\/oeiras\/wp-json\/wp\/v2\/comments?post=2484"}],"version-history":[{"count":2,"href":"https:\/\/pombabranca.pt\/oeiras\/wp-json\/wp\/v2\/pages\/2484\/revisions"}],"predecessor-version":[{"id":2490,"href":"https:\/\/pombabranca.pt\/oeiras\/wp-json\/wp\/v2\/pages\/2484\/revisions\/2490"}],"wp:attachment":[{"href":"https:\/\/pombabranca.pt\/oeiras\/wp-json\/wp\/v2\/media?parent=2484"}],"curies":[{"name":"wp","href":"https:\/\/api.w.org\/{rel}","templated":true}]}}